{"id":7533,"date":"2021-12-09T07:00:15","date_gmt":"2021-12-09T05:00:15","guid":{"rendered":"https:\/\/labopur.ch\/product\/ultraclean\/"},"modified":"2024-08-12T07:23:28","modified_gmt":"2024-08-12T06:23:28","slug":"ultraclean","status":"publish","type":"product","link":"https:\/\/labopur.ch\/fr\/produit\/ultraclean\/","title":{"rendered":"LABO PUR ULTRACLEAN"},"content":{"rendered":"<p>Concentr\u00e9 de nettoyage alcalin \u00e0 utiliser dans les bains \u00e0 ultrasons. Convient au m\u00e9tal, au verre, au plastique et \u00e0 la c\u00e9ramique pour l&rsquo;\u00e9limination des salissures grasses et huileuses.<br \/>\nAttention aux pi\u00e8ces en aluminium : non dilu\u00e9, Ultraclean attaque les m\u00e9taux l\u00e9gers. Nous recommandons de diluer Ultraclean au rapport 1:10 ou 1:5, selon le degr\u00e9 de salissure !<\/p>\n","protected":false},"excerpt":{"rendered":"<p>Concentr\u00e9 de nettoyage alcalin \u00e0 utiliser dans les bains \u00e0 ultrasons.<\/p>\n","protected":false},"featured_media":6912,"comment_status":"open","ping_status":"closed","template":"","meta":[],"product_cat":[129,130],"product_tag":[158,157,204,149,155,152,188,150],"class_list":["post-7533","product","type-product","status-publish","has-post-thumbnail","hentry","product_cat-nettoyant-liquide","product_cat-tous-les-nettoyants-liquides","product_tag-alcaline","product_tag-aluminium-fr","product_tag-bain-a-ultrasons","product_tag-ceramique","product_tag-laboratoires-de-chimie","product_tag-metaux-ferreux","product_tag-plastique","product_tag-verre"],"_links":{"self":[{"href":"https:\/\/labopur.ch\/fr\/wp-json\/wp\/v2\/product\/7533","targetHints":{"allow":["GET"]}}],"collection":[{"href":"https:\/\/labopur.ch\/fr\/wp-json\/wp\/v2\/product"}],"about":[{"href":"https:\/\/labopur.ch\/fr\/wp-json\/wp\/v2\/types\/product"}],"replies":[{"embeddable":true,"href":"https:\/\/labopur.ch\/fr\/wp-json\/wp\/v2\/comments?post=7533"}],"wp:featuredmedia":[{"embeddable":true,"href":"https:\/\/labopur.ch\/fr\/wp-json\/wp\/v2\/media\/6912"}],"wp:attachment":[{"href":"https:\/\/labopur.ch\/fr\/wp-json\/wp\/v2\/media?parent=7533"}],"wp:term":[{"taxonomy":"product_cat","embeddable":true,"href":"https:\/\/labopur.ch\/fr\/wp-json\/wp\/v2\/product_cat?post=7533"},{"taxonomy":"product_tag","embeddable":true,"href":"https:\/\/labopur.ch\/fr\/wp-json\/wp\/v2\/product_tag?post=7533"}],"curies":[{"name":"wp","href":"https:\/\/api.w.org\/{rel}","templated":true}]}}