{"id":7479,"date":"2021-12-09T07:00:49","date_gmt":"2021-12-09T05:00:49","guid":{"rendered":"https:\/\/labopur.ch\/product\/op-2000-forte\/"},"modified":"2024-08-12T07:18:44","modified_gmt":"2024-08-12T06:18:44","slug":"op-2000-forte","status":"publish","type":"product","link":"https:\/\/labopur.ch\/fr\/produit\/op-2000-forte\/","title":{"rendered":"LABO PUR OP 2000 FORTE"},"content":{"rendered":"<p>Poudre de nettoyage fortement alcaline et tr\u00e8s active pour les automates de nettoyage de la verrerie de laboratoire. Sans phosphate. Utilisation dans les laboratoires d&rsquo;analyse de l&rsquo;eau et en microbiologie. Pour le nettoyage d&rsquo;ustensiles de laboratoire en verre, c\u00e9ramique, plastique et acier inoxydable tr\u00e8s sales. Les m\u00e9taux l\u00e9gers et non ferreux, ainsi que les pi\u00e8ces en zinc et en aluminium ne doivent pas \u00eatre nettoy\u00e9s.<\/p>\n","protected":false},"excerpt":{"rendered":"<p>Poudre de nettoyage fortement alcaline et tr\u00e8s active pour les automates de nettoyage de la verrerie de laboratoire.<\/p>\n","protected":false},"featured_media":6879,"comment_status":"open","ping_status":"closed","template":"","meta":[],"product_cat":[133,129],"product_tag":[153,203,149,206,155,186,188,182,150],"class_list":["post-7479","product","type-product","status-publish","has-post-thumbnail","hentry","product_cat-nettoyant-en-poudre","product_cat-nettoyant-liquide","product_tag-acier-inoxydable-acier-chrome","product_tag-analyse-de-lenvironnement-et-de-leau","product_tag-ceramique","product_tag-fortement-alcalin","product_tag-laboratoires-de-chimie","product_tag-microbiologie-fr","product_tag-plastique","product_tag-sans-phosphate","product_tag-verre"],"_links":{"self":[{"href":"https:\/\/labopur.ch\/fr\/wp-json\/wp\/v2\/product\/7479","targetHints":{"allow":["GET"]}}],"collection":[{"href":"https:\/\/labopur.ch\/fr\/wp-json\/wp\/v2\/product"}],"about":[{"href":"https:\/\/labopur.ch\/fr\/wp-json\/wp\/v2\/types\/product"}],"replies":[{"embeddable":true,"href":"https:\/\/labopur.ch\/fr\/wp-json\/wp\/v2\/comments?post=7479"}],"wp:featuredmedia":[{"embeddable":true,"href":"https:\/\/labopur.ch\/fr\/wp-json\/wp\/v2\/media\/6879"}],"wp:attachment":[{"href":"https:\/\/labopur.ch\/fr\/wp-json\/wp\/v2\/media?parent=7479"}],"wp:term":[{"taxonomy":"product_cat","embeddable":true,"href":"https:\/\/labopur.ch\/fr\/wp-json\/wp\/v2\/product_cat?post=7479"},{"taxonomy":"product_tag","embeddable":true,"href":"https:\/\/labopur.ch\/fr\/wp-json\/wp\/v2\/product_tag?post=7479"}],"curies":[{"name":"wp","href":"https:\/\/api.w.org\/{rel}","templated":true}]}}