{"id":7441,"date":"2021-12-09T07:00:30","date_gmt":"2021-12-09T05:00:30","guid":{"rendered":"https:\/\/labopur.ch\/product\/op-2000\/"},"modified":"2024-08-12T07:22:24","modified_gmt":"2024-08-12T06:22:24","slug":"op-2000","status":"publish","type":"product","link":"https:\/\/labopur.ch\/fr\/produit\/op-2000\/","title":{"rendered":"LABO PUR OP 2000"},"content":{"rendered":"<div class=\"lmt__side_container lmt__side_container--source\">\n<div class=\"lmt__textarea_container\">\n<div class=\"lmt__inner_textarea_container\">\n<div>Poudre de nettoyage douce, sans phosphates, l\u00e9g\u00e8rement alcaline, pour toutes les salissures organiques. Pour le nettoyage des ustensiles de laboratoire en verre, c\u00e9ramique, plastique et acier inoxydable. Convient particuli\u00e8rement au nettoyage des appareils dans les laboratoires d&rsquo;eau, o\u00f9 des traces de compos\u00e9s phosphat\u00e9s g\u00eaneraient les d\u00e9terminations analytiques. Utilisable pour une duret\u00e9 de l&rsquo;eau jusqu&rsquo;\u00e0 8\u00b0dH. Contient des perborates.<\/div>\n<\/div>\n<\/div>\n<\/div>\n","protected":false},"excerpt":{"rendered":"<p>Poudre de nettoyage douce, sans phosphates, l\u00e9g\u00e8rement alcaline, pour toutes les salissures organiques.<\/p>\n","protected":false},"featured_media":6883,"comment_status":"open","ping_status":"closed","template":"","meta":[],"product_cat":[133,129],"product_tag":[153,158,203,184,149,155,186,188,182,150],"class_list":["post-7441","product","type-product","status-publish","has-post-thumbnail","hentry","product_cat-nettoyant-en-poudre","product_cat-nettoyant-liquide","product_tag-acier-inoxydable-acier-chrome","product_tag-alcaline","product_tag-analyse-de-lenvironnement-et-de-leau","product_tag-avec-de-leau-de-javel","product_tag-ceramique","product_tag-laboratoires-de-chimie","product_tag-microbiologie-fr","product_tag-plastique","product_tag-sans-phosphate","product_tag-verre"],"_links":{"self":[{"href":"https:\/\/labopur.ch\/fr\/wp-json\/wp\/v2\/product\/7441","targetHints":{"allow":["GET"]}}],"collection":[{"href":"https:\/\/labopur.ch\/fr\/wp-json\/wp\/v2\/product"}],"about":[{"href":"https:\/\/labopur.ch\/fr\/wp-json\/wp\/v2\/types\/product"}],"replies":[{"embeddable":true,"href":"https:\/\/labopur.ch\/fr\/wp-json\/wp\/v2\/comments?post=7441"}],"wp:featuredmedia":[{"embeddable":true,"href":"https:\/\/labopur.ch\/fr\/wp-json\/wp\/v2\/media\/6883"}],"wp:attachment":[{"href":"https:\/\/labopur.ch\/fr\/wp-json\/wp\/v2\/media?parent=7441"}],"wp:term":[{"taxonomy":"product_cat","embeddable":true,"href":"https:\/\/labopur.ch\/fr\/wp-json\/wp\/v2\/product_cat?post=7441"},{"taxonomy":"product_tag","embeddable":true,"href":"https:\/\/labopur.ch\/fr\/wp-json\/wp\/v2\/product_tag?post=7441"}],"curies":[{"name":"wp","href":"https:\/\/api.w.org\/{rel}","templated":true}]}}