{"id":7408,"date":"2021-12-09T07:00:12","date_gmt":"2021-12-09T05:00:12","guid":{"rendered":"https:\/\/labopur.ch\/product\/op-1000-auto\/"},"modified":"2024-08-12T07:25:03","modified_gmt":"2024-08-12T06:25:03","slug":"op-1000-auto","status":"publish","type":"product","link":"https:\/\/labopur.ch\/fr\/produit\/op-1000-auto\/","title":{"rendered":"LABO PUR OP 1000 AUTO"},"content":{"rendered":"<p>D\u00e9tergent alcalin pour les automates de nettoyage de la verrerie de laboratoire. Sans phosphate et sans chlore. Nettoyage des ustensiles de laboratoire en verre, c\u00e9ramique, plastique, acier inoxydable et pipettes. Convient particuli\u00e8rement \u00e0 l&rsquo;utilisation dans les laboratoires d&rsquo;analyse de l&rsquo;eau.<\/p>\n","protected":false},"excerpt":{"rendered":"<p>D\u00e9tergent alcalin pour les automates de nettoyage de la verrerie de laboratoire.<\/p>\n","protected":false},"featured_media":6907,"comment_status":"open","ping_status":"closed","template":"","meta":[],"product_cat":[129,131,130],"product_tag":[153,158,203,149,155,186,181,188,182,150],"class_list":["post-7408","product","type-product","status-publish","has-post-thumbnail","hentry","product_cat-nettoyant-liquide","product_cat-nettoyant-liquide-automatique","product_cat-tous-les-nettoyants-liquides","product_tag-acier-inoxydable-acier-chrome","product_tag-alcaline","product_tag-analyse-de-lenvironnement-et-de-leau","product_tag-ceramique","product_tag-laboratoires-de-chimie","product_tag-microbiologie-fr","product_tag-pipettes","product_tag-plastique","product_tag-sans-phosphate","product_tag-verre"],"_links":{"self":[{"href":"https:\/\/labopur.ch\/fr\/wp-json\/wp\/v2\/product\/7408","targetHints":{"allow":["GET"]}}],"collection":[{"href":"https:\/\/labopur.ch\/fr\/wp-json\/wp\/v2\/product"}],"about":[{"href":"https:\/\/labopur.ch\/fr\/wp-json\/wp\/v2\/types\/product"}],"replies":[{"embeddable":true,"href":"https:\/\/labopur.ch\/fr\/wp-json\/wp\/v2\/comments?post=7408"}],"wp:featuredmedia":[{"embeddable":true,"href":"https:\/\/labopur.ch\/fr\/wp-json\/wp\/v2\/media\/6907"}],"wp:attachment":[{"href":"https:\/\/labopur.ch\/fr\/wp-json\/wp\/v2\/media?parent=7408"}],"wp:term":[{"taxonomy":"product_cat","embeddable":true,"href":"https:\/\/labopur.ch\/fr\/wp-json\/wp\/v2\/product_cat?post=7408"},{"taxonomy":"product_tag","embeddable":true,"href":"https:\/\/labopur.ch\/fr\/wp-json\/wp\/v2\/product_tag?post=7408"}],"curies":[{"name":"wp","href":"https:\/\/api.w.org\/{rel}","templated":true}]}}