{"id":7264,"date":"2021-12-09T07:00:43","date_gmt":"2021-12-09T05:00:43","guid":{"rendered":"https:\/\/labopur.ch\/product\/des-2000\/"},"modified":"2024-08-12T07:21:07","modified_gmt":"2024-08-12T06:21:07","slug":"des-2000","status":"publish","type":"product","link":"https:\/\/labopur.ch\/fr\/produit\/des-2000\/","title":{"rendered":"LABO PUR DES 2000"},"content":{"rendered":"<p>Poudre de nettoyage douce et l\u00e9g\u00e8rement alcaline pour les automates de nettoyage de la verrerie de laboratoire. Est polyvalente et utilisable pour toutes les duret\u00e9s d&rsquo;eau. Pour le nettoyage d&rsquo;ustensiles de laboratoire en verre, c\u00e9ramique, plastique, m\u00e9tal et acier inoxydable. Convient particuli\u00e8rement \u00e0 l&rsquo;utilisation dans les laboratoires chimiques et m\u00e9dicaux, ainsi que dans l&rsquo;industrie alimentaire.<\/p>\n","protected":false},"excerpt":{"rendered":"<p>Poudre de nettoyage douce et l\u00e9g\u00e8rement alcaline pour les automates de nettoyage de la verrerie de laboratoire.<\/p>\n","protected":false},"featured_media":6888,"comment_status":"open","ping_status":"closed","template":"","meta":[],"product_cat":[133,129],"product_tag":[153,158,185,149,151,155,187,188,150],"class_list":["post-7264","product","type-product","status-publish","has-post-thumbnail","hentry","product_cat-nettoyant-en-poudre","product_cat-nettoyant-liquide","product_tag-acier-inoxydable-acier-chrome","product_tag-alcaline","product_tag-avec-du-chlore-actif","product_tag-ceramique","product_tag-industrie-alimentaire","product_tag-laboratoires-de-chimie","product_tag-laboratoires-medicaux","product_tag-plastique","product_tag-verre"],"_links":{"self":[{"href":"https:\/\/labopur.ch\/fr\/wp-json\/wp\/v2\/product\/7264","targetHints":{"allow":["GET"]}}],"collection":[{"href":"https:\/\/labopur.ch\/fr\/wp-json\/wp\/v2\/product"}],"about":[{"href":"https:\/\/labopur.ch\/fr\/wp-json\/wp\/v2\/types\/product"}],"replies":[{"embeddable":true,"href":"https:\/\/labopur.ch\/fr\/wp-json\/wp\/v2\/comments?post=7264"}],"wp:featuredmedia":[{"embeddable":true,"href":"https:\/\/labopur.ch\/fr\/wp-json\/wp\/v2\/media\/6888"}],"wp:attachment":[{"href":"https:\/\/labopur.ch\/fr\/wp-json\/wp\/v2\/media?parent=7264"}],"wp:term":[{"taxonomy":"product_cat","embeddable":true,"href":"https:\/\/labopur.ch\/fr\/wp-json\/wp\/v2\/product_cat?post=7264"},{"taxonomy":"product_tag","embeddable":true,"href":"https:\/\/labopur.ch\/fr\/wp-json\/wp\/v2\/product_tag?post=7264"}],"curies":[{"name":"wp","href":"https:\/\/api.w.org\/{rel}","templated":true}]}}