{"id":7224,"date":"2021-12-09T07:00:44","date_gmt":"2021-12-09T05:00:44","guid":{"rendered":"https:\/\/labopur.ch\/product\/des-1000-forte\/"},"modified":"2024-08-12T07:19:54","modified_gmt":"2024-08-12T06:19:54","slug":"des-1000-forte","status":"publish","type":"product","link":"https:\/\/labopur.ch\/fr\/produit\/des-1000-forte\/","title":{"rendered":"LABO PUR DES 1000 FORTE"},"content":{"rendered":"<p>Liquide de nettoyage fortement alcalin pour les exigences de propret\u00e9 les plus \u00e9lev\u00e9es, m\u00eame en cas de salissures tenaces. Utilisable avec toutes les duret\u00e9s d&rsquo;eau pour le nettoyage d&rsquo;ustensiles de laboratoire fortement encrass\u00e9s en verre, c\u00e9ramique, plastique et acier inoxydable. Les m\u00e9taux l\u00e9gers et non ferreux, ainsi que les pi\u00e8ces en zinc et en aluminium ne doivent pas \u00eatre nettoy\u00e9s. Particuli\u00e8rement adapt\u00e9 \u00e0 l&rsquo;utilisation dans les laboratoires chimiques et m\u00e9dicaux, ainsi que dans l&rsquo;industrie alimentaire.<\/p>\n","protected":false},"excerpt":{"rendered":"<p>Liquide de nettoyage fortement alcalin pour les exigences de propret\u00e9 les plus \u00e9lev\u00e9es,<\/p>\n","protected":false},"featured_media":6902,"comment_status":"open","ping_status":"closed","template":"","meta":[],"product_cat":[129,130],"product_tag":[153,185,149,206,151,155,187,188,205,150],"class_list":["post-7224","product","type-product","status-publish","has-post-thumbnail","hentry","product_cat-nettoyant-liquide","product_cat-tous-les-nettoyants-liquides","product_tag-acier-inoxydable-acier-chrome","product_tag-avec-du-chlore-actif","product_tag-ceramique","product_tag-fortement-alcalin","product_tag-industrie-alimentaire","product_tag-laboratoires-de-chimie","product_tag-laboratoires-medicaux","product_tag-plastique","product_tag-sans-tensioactif","product_tag-verre"],"_links":{"self":[{"href":"https:\/\/labopur.ch\/fr\/wp-json\/wp\/v2\/product\/7224","targetHints":{"allow":["GET"]}}],"collection":[{"href":"https:\/\/labopur.ch\/fr\/wp-json\/wp\/v2\/product"}],"about":[{"href":"https:\/\/labopur.ch\/fr\/wp-json\/wp\/v2\/types\/product"}],"replies":[{"embeddable":true,"href":"https:\/\/labopur.ch\/fr\/wp-json\/wp\/v2\/comments?post=7224"}],"wp:featuredmedia":[{"embeddable":true,"href":"https:\/\/labopur.ch\/fr\/wp-json\/wp\/v2\/media\/6902"}],"wp:attachment":[{"href":"https:\/\/labopur.ch\/fr\/wp-json\/wp\/v2\/media?parent=7224"}],"wp:term":[{"taxonomy":"product_cat","embeddable":true,"href":"https:\/\/labopur.ch\/fr\/wp-json\/wp\/v2\/product_cat?post=7224"},{"taxonomy":"product_tag","embeddable":true,"href":"https:\/\/labopur.ch\/fr\/wp-json\/wp\/v2\/product_tag?post=7224"}],"curies":[{"name":"wp","href":"https:\/\/api.w.org\/{rel}","templated":true}]}}