{"id":7180,"date":"2021-12-09T07:00:08","date_gmt":"2021-12-09T05:00:08","guid":{"rendered":"https:\/\/labopur.ch\/product\/des-1000\/"},"modified":"2024-08-12T07:27:47","modified_gmt":"2024-08-12T06:27:47","slug":"des-1000","status":"publish","type":"product","link":"https:\/\/labopur.ch\/fr\/produit\/des-1000\/","title":{"rendered":"LABO PUR DES 1000"},"content":{"rendered":"<p>Liquide de nettoyage alcalin polyvalent pour les automates de nettoyage de la verrerie de laboratoire. Utilisable \u00e0 toutes les duret\u00e9s d&rsquo;eau pour le nettoyage d&rsquo;ustensiles de laboratoire en verre, c\u00e9ramique, plastique et acier inoxydable. Particuli\u00e8rement adapt\u00e9 \u00e0 l&rsquo;utilisation dans les laboratoires chimiques et m\u00e9dicaux, ainsi que dans l&rsquo;industrie alimentaire.<\/p>\n","protected":false},"excerpt":{"rendered":"<p>Liquide de nettoyage alcalin polyvalent pour les automates de nettoyage de la verrerie de laboratoire.<\/p>\n","protected":false},"featured_media":6996,"comment_status":"open","ping_status":"closed","template":"","meta":[],"product_cat":[129,130],"product_tag":[153,158,185,149,151,155,187,188,205,150],"class_list":["post-7180","product","type-product","status-publish","has-post-thumbnail","hentry","product_cat-nettoyant-liquide","product_cat-tous-les-nettoyants-liquides","product_tag-acier-inoxydable-acier-chrome","product_tag-alcaline","product_tag-avec-du-chlore-actif","product_tag-ceramique","product_tag-industrie-alimentaire","product_tag-laboratoires-de-chimie","product_tag-laboratoires-medicaux","product_tag-plastique","product_tag-sans-tensioactif","product_tag-verre"],"_links":{"self":[{"href":"https:\/\/labopur.ch\/fr\/wp-json\/wp\/v2\/product\/7180","targetHints":{"allow":["GET"]}}],"collection":[{"href":"https:\/\/labopur.ch\/fr\/wp-json\/wp\/v2\/product"}],"about":[{"href":"https:\/\/labopur.ch\/fr\/wp-json\/wp\/v2\/types\/product"}],"replies":[{"embeddable":true,"href":"https:\/\/labopur.ch\/fr\/wp-json\/wp\/v2\/comments?post=7180"}],"wp:featuredmedia":[{"embeddable":true,"href":"https:\/\/labopur.ch\/fr\/wp-json\/wp\/v2\/media\/6996"}],"wp:attachment":[{"href":"https:\/\/labopur.ch\/fr\/wp-json\/wp\/v2\/media?parent=7180"}],"wp:term":[{"taxonomy":"product_cat","embeddable":true,"href":"https:\/\/labopur.ch\/fr\/wp-json\/wp\/v2\/product_cat?post=7180"},{"taxonomy":"product_tag","embeddable":true,"href":"https:\/\/labopur.ch\/fr\/wp-json\/wp\/v2\/product_tag?post=7180"}],"curies":[{"name":"wp","href":"https:\/\/api.w.org\/{rel}","templated":true}]}}