{"id":7140,"date":"2021-12-07T07:00:36","date_gmt":"2021-12-07T05:00:36","guid":{"rendered":"https:\/\/labopur.ch\/product\/labopur-chrom\/"},"modified":"2021-12-09T14:18:24","modified_gmt":"2021-12-09T12:18:24","slug":"labopur-chrom","status":"publish","type":"product","link":"https:\/\/labopur.ch\/fr\/produit\/labopur-chrom\/","title":{"rendered":"LABO PUR CHROM 5kg"},"content":{"rendered":"<p>LABOPUR CHROME Glanzspray &#8211; une huile de protection et de nettoyage pour l&rsquo;acier chrom\u00e9-nickel\u00e9 &#8211; garantit un entretien simple et protecteur des appareils et des installations. LABOPUR CHROME est sp\u00e9cialement con\u00e7u pour l&rsquo;utilisation dans le secteur alimentaire.<\/p>\n","protected":false},"excerpt":{"rendered":"<p>LABOPUR CHROME Glanzspray &#8211; une huile de protection et de nettoyage pour l&rsquo;acier chrom\u00e9-nickel\u00e9 &#8211; garantit un entretien simple et protecteur des appareils et des installations.<\/p>\n","protected":false},"featured_media":6659,"comment_status":"open","ping_status":"closed","template":"","meta":[],"product_cat":[129,130],"product_tag":[153,156,188],"class_list":["post-7140","product","type-product","status-publish","has-post-thumbnail","hentry","product_cat-nettoyant-liquide","product_cat-tous-les-nettoyants-liquides","product_tag-acier-inoxydable-acier-chrome","product_tag-lieu-de-travail-installations","product_tag-plastique"],"_links":{"self":[{"href":"https:\/\/labopur.ch\/fr\/wp-json\/wp\/v2\/product\/7140","targetHints":{"allow":["GET"]}}],"collection":[{"href":"https:\/\/labopur.ch\/fr\/wp-json\/wp\/v2\/product"}],"about":[{"href":"https:\/\/labopur.ch\/fr\/wp-json\/wp\/v2\/types\/product"}],"replies":[{"embeddable":true,"href":"https:\/\/labopur.ch\/fr\/wp-json\/wp\/v2\/comments?post=7140"}],"wp:featuredmedia":[{"embeddable":true,"href":"https:\/\/labopur.ch\/fr\/wp-json\/wp\/v2\/media\/6659"}],"wp:attachment":[{"href":"https:\/\/labopur.ch\/fr\/wp-json\/wp\/v2\/media?parent=7140"}],"wp:term":[{"taxonomy":"product_cat","embeddable":true,"href":"https:\/\/labopur.ch\/fr\/wp-json\/wp\/v2\/product_cat?post=7140"},{"taxonomy":"product_tag","embeddable":true,"href":"https:\/\/labopur.ch\/fr\/wp-json\/wp\/v2\/product_tag?post=7140"}],"curies":[{"name":"wp","href":"https:\/\/api.w.org\/{rel}","templated":true}]}}