{"id":7109,"date":"2021-12-09T07:00:54","date_gmt":"2021-12-09T05:00:54","guid":{"rendered":"https:\/\/labopur.ch\/product\/assa\/"},"modified":"2024-08-12T07:17:39","modified_gmt":"2024-08-12T06:17:39","slug":"assa","status":"publish","type":"product","link":"https:\/\/labopur.ch\/fr\/produit\/assa\/","title":{"rendered":"LABO PUR ASSA"},"content":{"rendered":"<p>Agent de neutralisation liquide \u00e0 base d&rsquo;acides organiques. Exempt de tensioactifs, de phosphates et d&rsquo;agents complexants contenant de l&rsquo;azote. Convient particuli\u00e8rement comme additif \u00e0 la premi\u00e8re eau de rin\u00e7age apr\u00e8s l&rsquo;utilisation de nettoyants alcalins dans les automates de nettoyage de la verrerie de laboratoire.<\/p>\n","protected":false},"excerpt":{"rendered":"<p>Agent de neutralisation liquide \u00e0 base d&rsquo;acides organiques.<\/p>\n","protected":false},"featured_media":6897,"comment_status":"open","ping_status":"closed","template":"","meta":[],"product_cat":[129,130],"product_tag":[180,153,157,203,149,151,155,187,152,186,181,188,205,150],"class_list":["post-7109","product","type-product","status-publish","has-post-thumbnail","hentry","product_cat-nettoyant-liquide","product_cat-tous-les-nettoyants-liquides","product_tag-acide","product_tag-acier-inoxydable-acier-chrome","product_tag-aluminium-fr","product_tag-analyse-de-lenvironnement-et-de-leau","product_tag-ceramique","product_tag-industrie-alimentaire","product_tag-laboratoires-de-chimie","product_tag-laboratoires-medicaux","product_tag-metaux-ferreux","product_tag-microbiologie-fr","product_tag-pipettes","product_tag-plastique","product_tag-sans-tensioactif","product_tag-verre"],"_links":{"self":[{"href":"https:\/\/labopur.ch\/fr\/wp-json\/wp\/v2\/product\/7109","targetHints":{"allow":["GET"]}}],"collection":[{"href":"https:\/\/labopur.ch\/fr\/wp-json\/wp\/v2\/product"}],"about":[{"href":"https:\/\/labopur.ch\/fr\/wp-json\/wp\/v2\/types\/product"}],"replies":[{"embeddable":true,"href":"https:\/\/labopur.ch\/fr\/wp-json\/wp\/v2\/comments?post=7109"}],"wp:featuredmedia":[{"embeddable":true,"href":"https:\/\/labopur.ch\/fr\/wp-json\/wp\/v2\/media\/6897"}],"wp:attachment":[{"href":"https:\/\/labopur.ch\/fr\/wp-json\/wp\/v2\/media?parent=7109"}],"wp:term":[{"taxonomy":"product_cat","embeddable":true,"href":"https:\/\/labopur.ch\/fr\/wp-json\/wp\/v2\/product_cat?post=7109"},{"taxonomy":"product_tag","embeddable":true,"href":"https:\/\/labopur.ch\/fr\/wp-json\/wp\/v2\/product_tag?post=7109"}],"curies":[{"name":"wp","href":"https:\/\/api.w.org\/{rel}","templated":true}]}}