{"id":6855,"date":"2021-12-09T08:33:23","date_gmt":"2021-12-09T06:33:23","guid":{"rendered":"https:\/\/labopur.ch\/?post_type=product&#038;p=6855"},"modified":"2024-08-12T07:15:11","modified_gmt":"2024-08-12T06:15:11","slug":"alovera-kopie-3","status":"publish","type":"product","link":"https:\/\/labopur.ch\/fr\/produit\/alovera-kopie-3\/","title":{"rendered":"LABO PUR WASOL"},"content":{"rendered":"<p>WASOL est un nettoyant liquide \u00e0 base d&rsquo;agents tensioactifs, sans phosphates, avec des additifs de cire. Le produit a une odeur agr\u00e9able, ne contient pas de solvants et n&rsquo;attaque pas les m\u00e9taux et les surfaces peintes. WASOL nettoie et apporte le brillant profond souhait\u00e9.<\/p>\n","protected":false},"excerpt":{"rendered":"<p>WASOL est un nettoyant liquide \u00e0 base d&rsquo;agents tensioactifs, sans phosphates, avec des additifs de cire.<\/p>\n","protected":false},"featured_media":6874,"comment_status":"open","ping_status":"closed","template":"","meta":[],"product_cat":[129,130],"product_tag":[158,156,188],"class_list":["post-6855","product","type-product","status-publish","has-post-thumbnail","hentry","product_cat-nettoyant-liquide","product_cat-tous-les-nettoyants-liquides","product_tag-alcaline","product_tag-lieu-de-travail-installations","product_tag-plastique"],"_links":{"self":[{"href":"https:\/\/labopur.ch\/fr\/wp-json\/wp\/v2\/product\/6855","targetHints":{"allow":["GET"]}}],"collection":[{"href":"https:\/\/labopur.ch\/fr\/wp-json\/wp\/v2\/product"}],"about":[{"href":"https:\/\/labopur.ch\/fr\/wp-json\/wp\/v2\/types\/product"}],"replies":[{"embeddable":true,"href":"https:\/\/labopur.ch\/fr\/wp-json\/wp\/v2\/comments?post=6855"}],"wp:featuredmedia":[{"embeddable":true,"href":"https:\/\/labopur.ch\/fr\/wp-json\/wp\/v2\/media\/6874"}],"wp:attachment":[{"href":"https:\/\/labopur.ch\/fr\/wp-json\/wp\/v2\/media?parent=6855"}],"wp:term":[{"taxonomy":"product_cat","embeddable":true,"href":"https:\/\/labopur.ch\/fr\/wp-json\/wp\/v2\/product_cat?post=6855"},{"taxonomy":"product_tag","embeddable":true,"href":"https:\/\/labopur.ch\/fr\/wp-json\/wp\/v2\/product_tag?post=6855"}],"curies":[{"name":"wp","href":"https:\/\/api.w.org\/{rel}","templated":true}]}}