{"id":6826,"date":"2021-12-09T08:24:35","date_gmt":"2021-12-09T06:24:36","guid":{"rendered":"https:\/\/labopur.ch\/?post_type=product&#038;p=6826"},"modified":"2024-08-12T07:16:29","modified_gmt":"2024-08-12T06:16:29","slug":"alovera-kopie-2","status":"publish","type":"product","link":"https:\/\/labopur.ch\/fr\/produit\/alovera-kopie-2\/","title":{"rendered":"LABO PUR VITRO"},"content":{"rendered":"<p>VITRO nettoie les vitres sans effort. Elimine la salet\u00e9, la poussi\u00e8re, les r\u00e9sidus de gaz d&rsquo;\u00e9chappement et les d\u00e9p\u00f4ts de silicone.<\/p>\n","protected":false},"excerpt":{"rendered":"<p>VITRO nettoie les vitres sans effort. Elimine la salet\u00e9, la poussi\u00e8re, les r\u00e9sidus de gaz d&rsquo;\u00e9chappement et les d\u00e9p\u00f4ts de silicone.<\/p>\n","protected":false},"featured_media":6845,"comment_status":"open","ping_status":"closed","template":"","meta":[],"product_cat":[129,130],"product_tag":[156,150],"class_list":["post-6826","product","type-product","status-publish","has-post-thumbnail","hentry","product_cat-nettoyant-liquide","product_cat-tous-les-nettoyants-liquides","product_tag-lieu-de-travail-installations","product_tag-verre"],"_links":{"self":[{"href":"https:\/\/labopur.ch\/fr\/wp-json\/wp\/v2\/product\/6826","targetHints":{"allow":["GET"]}}],"collection":[{"href":"https:\/\/labopur.ch\/fr\/wp-json\/wp\/v2\/product"}],"about":[{"href":"https:\/\/labopur.ch\/fr\/wp-json\/wp\/v2\/types\/product"}],"replies":[{"embeddable":true,"href":"https:\/\/labopur.ch\/fr\/wp-json\/wp\/v2\/comments?post=6826"}],"wp:featuredmedia":[{"embeddable":true,"href":"https:\/\/labopur.ch\/fr\/wp-json\/wp\/v2\/media\/6845"}],"wp:attachment":[{"href":"https:\/\/labopur.ch\/fr\/wp-json\/wp\/v2\/media?parent=6826"}],"wp:term":[{"taxonomy":"product_cat","embeddable":true,"href":"https:\/\/labopur.ch\/fr\/wp-json\/wp\/v2\/product_cat?post=6826"},{"taxonomy":"product_tag","embeddable":true,"href":"https:\/\/labopur.ch\/fr\/wp-json\/wp\/v2\/product_tag?post=6826"}],"curies":[{"name":"wp","href":"https:\/\/api.w.org\/{rel}","templated":true}]}}