{"id":6771,"date":"2021-12-07T17:34:19","date_gmt":"2021-12-07T15:34:19","guid":{"rendered":"https:\/\/labopur.ch\/?post_type=product&#038;p=6771"},"modified":"2024-08-12T07:29:07","modified_gmt":"2024-08-12T06:29:07","slug":"alovera-kopie-kopie","status":"publish","type":"product","link":"https:\/\/labopur.ch\/fr\/produit\/alovera-kopie-kopie\/","title":{"rendered":"LABO PUR UNIVERSAL FORTE"},"content":{"rendered":"<p>Universal Forte nettoie les surfaces en verre sans effort et s&rsquo;\u00e9vapore rapidement. \u00c9limine la salet\u00e9, la poussi\u00e8re, les r\u00e9sidus de gaz d&rsquo;\u00e9chappement et les d\u00e9p\u00f4ts de silicone.<\/p>\n","protected":false},"excerpt":{"rendered":"<p>Universal Forte nettoie les surfaces en verre sans effort et s&rsquo;\u00e9vapore rapidement.<\/p>\n","protected":false},"featured_media":6790,"comment_status":"open","ping_status":"closed","template":"","meta":[],"product_cat":[129,130],"product_tag":[153,206,156,188,150],"class_list":["post-6771","product","type-product","status-publish","has-post-thumbnail","hentry","product_cat-nettoyant-liquide","product_cat-tous-les-nettoyants-liquides","product_tag-acier-inoxydable-acier-chrome","product_tag-fortement-alcalin","product_tag-lieu-de-travail-installations","product_tag-plastique","product_tag-verre"],"_links":{"self":[{"href":"https:\/\/labopur.ch\/fr\/wp-json\/wp\/v2\/product\/6771","targetHints":{"allow":["GET"]}}],"collection":[{"href":"https:\/\/labopur.ch\/fr\/wp-json\/wp\/v2\/product"}],"about":[{"href":"https:\/\/labopur.ch\/fr\/wp-json\/wp\/v2\/types\/product"}],"replies":[{"embeddable":true,"href":"https:\/\/labopur.ch\/fr\/wp-json\/wp\/v2\/comments?post=6771"}],"wp:featuredmedia":[{"embeddable":true,"href":"https:\/\/labopur.ch\/fr\/wp-json\/wp\/v2\/media\/6790"}],"wp:attachment":[{"href":"https:\/\/labopur.ch\/fr\/wp-json\/wp\/v2\/media?parent=6771"}],"wp:term":[{"taxonomy":"product_cat","embeddable":true,"href":"https:\/\/labopur.ch\/fr\/wp-json\/wp\/v2\/product_cat?post=6771"},{"taxonomy":"product_tag","embeddable":true,"href":"https:\/\/labopur.ch\/fr\/wp-json\/wp\/v2\/product_tag?post=6771"}],"curies":[{"name":"wp","href":"https:\/\/api.w.org\/{rel}","templated":true}]}}