{"id":6742,"date":"2021-12-07T17:24:48","date_gmt":"2021-12-07T15:24:49","guid":{"rendered":"https:\/\/labopur.ch\/?post_type=product&#038;p=6742"},"modified":"2024-08-12T07:30:23","modified_gmt":"2024-08-12T06:30:23","slug":"alovera-kopie","status":"publish","type":"product","link":"https:\/\/labopur.ch\/fr\/produit\/alovera-kopie\/","title":{"rendered":"LABO PUR SOL CLEAN"},"content":{"rendered":"<p>SOL CLEAN est un nettoyant pour sols non moussant, l\u00e9g\u00e8rement alcalin et agr\u00e9ablement parfum\u00e9, avec une tr\u00e8s bonne efficacit\u00e9 de nettoyage. Le solvant qu&rsquo;il contient permet un s\u00e9chage rapide et sans traces. SOL CLEAN est exempt de NTA, de phosphates et de silicates.<\/p>\n","protected":false},"excerpt":{"rendered":"<p>SOL CLEAN est un nettoyant pour sols non moussant, l\u00e9g\u00e8rement alcalin et agr\u00e9ablement parfum\u00e9, avec une tr\u00e8s bonne efficacit\u00e9 de nettoyage.<\/p>\n","protected":false},"featured_media":6758,"comment_status":"open","ping_status":"closed","template":"","meta":[],"product_cat":[129,130],"product_tag":[158,149,156,188],"class_list":["post-6742","product","type-product","status-publish","has-post-thumbnail","hentry","product_cat-nettoyant-liquide","product_cat-tous-les-nettoyants-liquides","product_tag-alcaline","product_tag-ceramique","product_tag-lieu-de-travail-installations","product_tag-plastique"],"_links":{"self":[{"href":"https:\/\/labopur.ch\/fr\/wp-json\/wp\/v2\/product\/6742","targetHints":{"allow":["GET"]}}],"collection":[{"href":"https:\/\/labopur.ch\/fr\/wp-json\/wp\/v2\/product"}],"about":[{"href":"https:\/\/labopur.ch\/fr\/wp-json\/wp\/v2\/types\/product"}],"replies":[{"embeddable":true,"href":"https:\/\/labopur.ch\/fr\/wp-json\/wp\/v2\/comments?post=6742"}],"wp:featuredmedia":[{"embeddable":true,"href":"https:\/\/labopur.ch\/fr\/wp-json\/wp\/v2\/media\/6758"}],"wp:attachment":[{"href":"https:\/\/labopur.ch\/fr\/wp-json\/wp\/v2\/media?parent=6742"}],"wp:term":[{"taxonomy":"product_cat","embeddable":true,"href":"https:\/\/labopur.ch\/fr\/wp-json\/wp\/v2\/product_cat?post=6742"},{"taxonomy":"product_tag","embeddable":true,"href":"https:\/\/labopur.ch\/fr\/wp-json\/wp\/v2\/product_tag?post=6742"}],"curies":[{"name":"wp","href":"https:\/\/api.w.org\/{rel}","templated":true}]}}