{"id":6709,"date":"2021-12-07T16:58:37","date_gmt":"2021-12-07T14:58:37","guid":{"rendered":"https:\/\/labopur.ch\/?post_type=product&#038;p=6709"},"modified":"2024-08-12T07:32:34","modified_gmt":"2024-08-12T06:32:34","slug":"labopur-mano-des-2","status":"publish","type":"product","link":"https:\/\/labopur.ch\/fr\/produit\/labopur-mano-des-2\/","title":{"rendered":"LABO PUR MANO DES"},"content":{"rendered":"<p>Cr\u00e8me lavante moussante de haute qualit\u00e9 avec un excellent pouvoir lavant. Des substances actives de nettoyage et de soin s\u00e9lectionn\u00e9es produisent une mousse douce et agr\u00e9able. MANO DES convient parfaitement aux soins des peaux exigeantes.<\/p>\n","protected":false},"excerpt":{"rendered":"<p>Cr\u00e8me lavante moussante de haute qualit\u00e9 avec un excellent pouvoir lavant.<\/p>\n","protected":false},"featured_media":6713,"comment_status":"open","ping_status":"closed","template":"","meta":[],"product_cat":[1894],"product_tag":[183,1891],"class_list":["post-6709","product","type-product","status-publish","has-post-thumbnail","hentry","product_cat-handreiniger-fr","product_tag-neutre","product_tag-personenhygiene-fr"],"_links":{"self":[{"href":"https:\/\/labopur.ch\/fr\/wp-json\/wp\/v2\/product\/6709","targetHints":{"allow":["GET"]}}],"collection":[{"href":"https:\/\/labopur.ch\/fr\/wp-json\/wp\/v2\/product"}],"about":[{"href":"https:\/\/labopur.ch\/fr\/wp-json\/wp\/v2\/types\/product"}],"replies":[{"embeddable":true,"href":"https:\/\/labopur.ch\/fr\/wp-json\/wp\/v2\/comments?post=6709"}],"wp:featuredmedia":[{"embeddable":true,"href":"https:\/\/labopur.ch\/fr\/wp-json\/wp\/v2\/media\/6713"}],"wp:attachment":[{"href":"https:\/\/labopur.ch\/fr\/wp-json\/wp\/v2\/media?parent=6709"}],"wp:term":[{"taxonomy":"product_cat","embeddable":true,"href":"https:\/\/labopur.ch\/fr\/wp-json\/wp\/v2\/product_cat?post=6709"},{"taxonomy":"product_tag","embeddable":true,"href":"https:\/\/labopur.ch\/fr\/wp-json\/wp\/v2\/product_tag?post=6709"}],"curies":[{"name":"wp","href":"https:\/\/api.w.org\/{rel}","templated":true}]}}