{"id":6672,"date":"2021-12-07T07:00:04","date_gmt":"2021-12-07T12:50:31","guid":{"rendered":"https:\/\/labopur.ch\/?post_type=product&#038;p=6672"},"modified":"2024-08-12T07:38:54","modified_gmt":"2024-08-12T06:38:54","slug":"alovera","status":"publish","type":"product","link":"https:\/\/labopur.ch\/fr\/produit\/alovera\/","title":{"rendered":"LABO PUR ALOVERA"},"content":{"rendered":"<p>Cr\u00e8me lavante moussante de haute qualit\u00e9 avec le meilleur effet de lavage. Des ingr\u00e9dients de nettoyage et d&rsquo;entretien s\u00e9lectionn\u00e9s donnent une mousse agr\u00e9able et douce. ALOVERA est particuli\u00e8rement adapt\u00e9 aux soins des peaux exigeantes.<\/p>\n","protected":false},"excerpt":{"rendered":"<p>Cr\u00e8me lavante moussante de haute qualit\u00e9 avec le meilleur effet de lavage.<\/p>\n","protected":false},"featured_media":6646,"comment_status":"open","ping_status":"closed","template":"","meta":[],"product_cat":[129,130],"product_tag":[1902,183,1901,1891],"class_list":["post-6672","product","type-product","status-publish","has-post-thumbnail","hentry","product_cat-nettoyant-liquide","product_cat-tous-les-nettoyants-liquides","product_tag-effet-hydratant","product_tag-neutre","product_tag-peau-exigeante","product_tag-personenhygiene-fr"],"_links":{"self":[{"href":"https:\/\/labopur.ch\/fr\/wp-json\/wp\/v2\/product\/6672","targetHints":{"allow":["GET"]}}],"collection":[{"href":"https:\/\/labopur.ch\/fr\/wp-json\/wp\/v2\/product"}],"about":[{"href":"https:\/\/labopur.ch\/fr\/wp-json\/wp\/v2\/types\/product"}],"replies":[{"embeddable":true,"href":"https:\/\/labopur.ch\/fr\/wp-json\/wp\/v2\/comments?post=6672"}],"wp:featuredmedia":[{"embeddable":true,"href":"https:\/\/labopur.ch\/fr\/wp-json\/wp\/v2\/media\/6646"}],"wp:attachment":[{"href":"https:\/\/labopur.ch\/fr\/wp-json\/wp\/v2\/media?parent=6672"}],"wp:term":[{"taxonomy":"product_cat","embeddable":true,"href":"https:\/\/labopur.ch\/fr\/wp-json\/wp\/v2\/product_cat?post=6672"},{"taxonomy":"product_tag","embeddable":true,"href":"https:\/\/labopur.ch\/fr\/wp-json\/wp\/v2\/product_tag?post=6672"}],"curies":[{"name":"wp","href":"https:\/\/api.w.org\/{rel}","templated":true}]}}