{"id":6654,"date":"2021-12-07T07:00:05","date_gmt":"2021-12-07T05:00:05","guid":{"rendered":"https:\/\/labopur.ch\/?post_type=product&#038;p=6654"},"modified":"2021-12-09T13:58:48","modified_gmt":"2021-12-09T11:58:48","slug":"antifoam","status":"publish","type":"product","link":"https:\/\/labopur.ch\/fr\/produit\/antifoam\/","title":{"rendered":"LABO PUR ANTIFOAM 5kg"},"content":{"rendered":"<p>Antifoam \u00e9limine la mousse de mani\u00e8re extr\u00eamement fiable et efficace. Tous les composants utilis\u00e9s dans Antifoam sont agr\u00e9\u00e9s pour l&rsquo;industrie alimentaire et ne contiennent donc pas de substances nocives pour la sant\u00e9.<\/p>\n","protected":false},"excerpt":{"rendered":"<p>Antifoam \u00e9limine la mousse de mani\u00e8re extr\u00eamement fiable et efficace.<\/p>\n","protected":false},"featured_media":6725,"comment_status":"open","ping_status":"closed","template":"","meta":[],"product_cat":[236,130],"product_tag":[1889],"class_list":["post-6654","product","type-product","status-publish","has-post-thumbnail","hentry","product_cat-uncategorized-fr","product_cat-tous-les-nettoyants-liquides","product_tag-entschaeumer-fr"],"_links":{"self":[{"href":"https:\/\/labopur.ch\/fr\/wp-json\/wp\/v2\/product\/6654","targetHints":{"allow":["GET"]}}],"collection":[{"href":"https:\/\/labopur.ch\/fr\/wp-json\/wp\/v2\/product"}],"about":[{"href":"https:\/\/labopur.ch\/fr\/wp-json\/wp\/v2\/types\/product"}],"replies":[{"embeddable":true,"href":"https:\/\/labopur.ch\/fr\/wp-json\/wp\/v2\/comments?post=6654"}],"wp:featuredmedia":[{"embeddable":true,"href":"https:\/\/labopur.ch\/fr\/wp-json\/wp\/v2\/media\/6725"}],"wp:attachment":[{"href":"https:\/\/labopur.ch\/fr\/wp-json\/wp\/v2\/media?parent=6654"}],"wp:term":[{"taxonomy":"product_cat","embeddable":true,"href":"https:\/\/labopur.ch\/fr\/wp-json\/wp\/v2\/product_cat?post=6654"},{"taxonomy":"product_tag","embeddable":true,"href":"https:\/\/labopur.ch\/fr\/wp-json\/wp\/v2\/product_tag?post=6654"}],"curies":[{"name":"wp","href":"https:\/\/api.w.org\/{rel}","templated":true}]}}