{"id":1368,"date":"2020-11-21T16:22:38","date_gmt":"2020-11-21T14:22:38","guid":{"rendered":"https:\/\/labopur.ch\/demarrer\/"},"modified":"2021-04-20T11:13:24","modified_gmt":"2021-04-20T09:13:24","slug":"demarrer","status":"publish","type":"page","link":"https:\/\/labopur.ch\/fr\/","title":{"rendered":"D\u00e9marrer"},"content":{"rendered":"<section class=\"wpb-content-wrapper\"><p>[vc_row][vc_column][vc_column_text]\r\n\t\t\t<div class=\"nm-banner content-full image-type-fluid text-color-dark subtitle-below\" style=\"\"><img loading=\"lazy\" decoding=\"async\" src=\"https:\/\/labopur.ch\/wp-content\/uploads\/2020\/09\/rengglibanner.png\" width=\"1600\" height=\"678\" alt=\"rengglibanner\" \/>\r\n\t\t\t<\/div>[\/vc_column_text][\/vc_column][\/vc_row][vc_row content_placement=\u00a0\u00bbmiddle\u00a0\u00bb css=\u00a0\u00bb.vc_custom_1618659445963{padding-right: 50px !important;padding-left: 50px !important;background-color: rgba(255,255,255,0.01) !important;*background-color: rgb(255,255,255) !important;border-radius: 10px !important;}\u00a0\u00bb][vc_column css=\u00a0\u00bb.vc_custom_1618660186099{margin-top: 50px !important;border-top-width: 200px !important;border-right-width: 200px !important;border-bottom-width: 200px !important;border-left-width: 200px !important;padding-top: 20px !important;padding-right: 20px !important;padding-bottom: 20px !important;padding-left: 20px !important;background-color: rgba(68,118,146,0.9) !important;*background-color: rgb(68,118,146) !important;border-radius: 10px !important;}\u00a0\u00bb][vc_column_text css=\u00a0\u00bb.vc_custom_1618660027804{border-radius: 35px !important;}\u00a0\u00bb]<\/p>\n<h1 class=\"h4\" style=\"text-align: center;\"><span style=\"color: #ffffff;\"><strong>Keep it clean with LaboPur<span class=\"text-secondary\" style=\"color: #e42a2a;\">.<\/span><\/strong><\/span><\/h1>\n<p>[\/vc_column_text][vc_separator border_width=\u00a0\u00bb4&Prime; accent_color=\u00a0\u00bb#ffffff\u00a0\u00bb][vc_column_text css=\u00a0\u00bb.vc_custom_1618660794664{margin-top: 20px !important;}\u00a0\u00bb]<\/p>\n<p style=\"text-align: center;\"><span style=\"color: #ffffff;\">La propret\u00e9 des ustensiles de laboratoire est d\u00e9terminante pour l&rsquo;obtention d&rsquo;un r\u00e9sultat optimal et constitue donc un besoin dans chaque laboratoire. En choisissant les produits de nettoyage LaboPur, vous optez pour un produit qui ne contient que des tensioactifs biod\u00e9gradables tout en obtenant d&rsquo;excellents r\u00e9sultats de nettoyage.<\/span><\/p>\n<p>[\/vc_column_text][\/vc_column][\/vc_row][vc_row css=\u00a0\u00bb.vc_custom_1618658843906{padding-right: 50px !important;padding-left: 50px !important;background-color: rgba(255,255,255,0.01) !important;*background-color: rgb(255,255,255) !important;}\u00a0\u00bb][vc_column css=\u00a0\u00bb.vc_custom_1618659370393{margin-top: 50px !important;border-top-width: 200px !important;border-right-width: 200px !important;border-bottom-width: 200px !important;border-left-width: 200px !important;padding-top: 20px !important;padding-right: 20px !important;padding-bottom: 20px !important;padding-left: 20px !important;background-color: rgba(68,118,146,0.9) !important;*background-color: rgb(68,118,146) !important;border-radius: 10px !important;}\u00a0\u00bb][vc_column_text]\n<\/p>\n<h1 style=\"text-align: center;\"><span style=\"color: #ffffff;\"><strong>Des produits pour tous les besoins<span class=\"text-secondary\" style=\"color: #e42a2a;\">.<\/span><\/strong><\/span><\/h1>\n<p>\n[\/vc_column_text][vc_separator border_width=\u00a0\u00bb4&Prime; accent_color=\u00a0\u00bb#ffffff\u00a0\u00bb][vc_column_text css=\u00a0\u00bb.vc_custom_1618660828795{margin-top: 20px !important;}\u00a0\u00bb]<\/p>\n<p style=\"text-align: center;\"><span style=\"color: #ffffff;\">La gamme LaboPur s&rsquo;\u00e9tend du savon et du nettoyant universel doux pour le nettoyage des mains au nettoyant sp\u00e9cial tr\u00e8s actif et autres agents de nettoyage pour les machines \u00e0 laver automatiques. Les nettoyants, qui sont disponibles sous forme de liquide ou de poudre, conviennent au nettoyage de routine des \u00e9quipements m\u00e9dicaux ainsi qu&rsquo;\u00e0 des t\u00e2ches de nettoyage sp\u00e9cifiques, notamment la dissolution des salissures tenaces et des d\u00e9p\u00f4ts sur la vaisselle de laboratoire. Toutes les sp\u00e9cifications dans les domaines de la microbiologie, de l&rsquo;analyse des eaux us\u00e9es ou de la recherche sont remplies.<\/span><\/p>\n<p>[\/vc_column_text][\/vc_column][\/vc_row][vc_row css=\u00a0\u00bb.vc_custom_1618853089099{padding-right: 50px !important;padding-bottom: 50px !important;padding-left: 50px !important;background-color: rgba(255,255,255,0.01) !important;*background-color: rgb(255,255,255) !important;}\u00a0\u00bb][vc_column css=\u00a0\u00bb.vc_custom_1618659370393{margin-top: 50px !important;border-top-width: 200px !important;border-right-width: 200px !important;border-bottom-width: 200px !important;border-left-width: 200px !important;padding-top: 20px !important;padding-right: 20px !important;padding-bottom: 20px !important;padding-left: 20px !important;background-color: rgba(68,118,146,0.9) !important;*background-color: rgb(68,118,146) !important;border-radius: 10px !important;}\u00a0\u00bb][vc_column_text]\n<\/p>\n<h1 style=\"text-align: center;\"><span style=\"color: #ffffff;\"><strong>Nous sommes heureux de vous soutenir<span class=\"text-secondary\" style=\"color: #e42a2a;\">.<\/span><\/strong><\/span><\/h1>\n<p>\n[\/vc_column_text][vc_separator border_width=\u00a0\u00bb4&Prime; accent_color=\u00a0\u00bb#ffffff\u00a0\u00bb][vc_column_text css=\u00a0\u00bb.vc_custom_1618665494898{margin-top: 20px !important;}\u00a0\u00bb]<\/p>\n<p style=\"text-align: center;\"><span style=\"color: #ffffff;\">Vous avez un probl\u00e8me de salissure ? Nos sp\u00e9cialistes vous aideront \u00e0 trouver le bon produit de nettoyage. Nous sommes \u00e9galement heureux de concevoir un nettoyant sp\u00e9cial r\u00e9pondant \u00e0 vos besoins.<\/span><\/p>\n<p>[\/vc_column_text][\/vc_column][\/vc_row]<\/p>\n<\/section>","protected":false},"excerpt":{"rendered":"<p>[vc_row][vc_column][vc_column_text][\/vc_column_text][\/vc_column][\/vc_row][vc_row content_placement=\u00a0\u00bbmiddle\u00a0\u00bb css=\u00a0\u00bb.vc_custom_1618659445963{padding-right: 50px !important;padding-left: 50px !important;background-color: rgba(255,255,255,0.01) !important;*background-color: rgb(255,255,255) !important;border-radius: 10px !important;}\u00a0\u00bb][vc_column css=\u00a0\u00bb.vc_custom_1618660186099{margin-top: 50px !important;border-top-width: 200px !important;border-right-width: 200px !important;border-bottom-width: 200px !important;border-left-width: 200px !important;padding-top: 20px !important;padding-right: 20px !important;padding-bottom: 20px !important;padding-left: 20px !important;background-color: rgba(68,118,146,0.9) !important;*background-color: rgb(68,118,146) !important;border-radius: 10px !important;}\u00a0\u00bb][vc_column_text css=\u00a0\u00bb.vc_custom_1618660027804{border-radius: 35px !important;}\u00a0\u00bb] Keep it clean with LaboPur. [\/vc_column_text][vc_separator border_width=\u00a0\u00bb4&Prime; accent_color=\u00a0\u00bb#ffffff\u00a0\u00bb][vc_column_text css=\u00a0\u00bb.vc_custom_1618660794664{margin-top: 20px !important;}\u00a0\u00bb] La propret\u00e9 des &hellip;<\/p>\n","protected":false},"author":3,"featured_media":0,"parent":0,"menu_order":0,"comment_status":"closed","ping_status":"closed","template":"templates\/page-full.php","meta":{"footnotes":""},"class_list":["post-1368","page","type-page","status-publish","hentry"],"_links":{"self":[{"href":"https:\/\/labopur.ch\/fr\/wp-json\/wp\/v2\/pages\/1368","targetHints":{"allow":["GET"]}}],"collection":[{"href":"https:\/\/labopur.ch\/fr\/wp-json\/wp\/v2\/pages"}],"about":[{"href":"https:\/\/labopur.ch\/fr\/wp-json\/wp\/v2\/types\/page"}],"author":[{"embeddable":true,"href":"https:\/\/labopur.ch\/fr\/wp-json\/wp\/v2\/users\/3"}],"replies":[{"embeddable":true,"href":"https:\/\/labopur.ch\/fr\/wp-json\/wp\/v2\/comments?post=1368"}],"version-history":[{"count":0,"href":"https:\/\/labopur.ch\/fr\/wp-json\/wp\/v2\/pages\/1368\/revisions"}],"wp:attachment":[{"href":"https:\/\/labopur.ch\/fr\/wp-json\/wp\/v2\/media?parent=1368"}],"curies":[{"name":"wp","href":"https:\/\/api.w.org\/{rel}","templated":true}]}}